{"id":942,"date":"2024-12-29T14:19:22","date_gmt":"2024-12-29T14:19:22","guid":{"rendered":"https:\/\/perfumshots.mentamedia.hu\/?post_type=product&#038;p=942"},"modified":"2025-01-19T21:20:07","modified_gmt":"2025-01-19T21:20:07","slug":"tutu","status":"publish","type":"product","link":"https:\/\/perfumshots.mentamedia.hu\/hu\/termek\/tutu\/","title":{"rendered":"Tutu"},"content":{"rendered":"<p><span style=\"vertical-align: inherit;\"><span style=\"vertical-align: inherit;\"><span style=\"vertical-align: inherit;\"><span style=\"vertical-align: inherit;\"><em>Egy t\u00e1nc. Egy n\u0151. Gyeng\u00e9ds\u00e9g \u00e9s er\u0151. T\u00f6k\u00e9letess\u00e9g. A legprovokat\u00edvabb \u00e9lm\u00e9ny. Teljes odaad\u00e1s. A pillanat var\u00e1zsa.<\/em><\/span><\/span><\/span><\/span><\/p>","protected":false},"excerpt":{"rendered":"<div class=\"product-full__accordion\">\n<div class=\"js-product-accordion__panel\">\n<div class=\"product-accordion__panel\">\n<p><span style=\"vertical-align: inherit;\"><span style=\"vertical-align: inherit;\">A Tut\u00f9, az els\u0151 White Collection extrait de parfum, \u00f3da a balett t\u00e1ncosoknak, azok odaad\u00e1s\u00e1nak, \u00e9s az er\u0151 \u00e9s m\u0171v\u00e9szi t\u00f6r\u00e9kenys\u00e9g csod\u00e1latos egyens\u00faly\u00e1nak. Luca Gritti a r\u00f3zsa \u00e9s j\u00e1zmin szirmok finom p\u00faderes \u00e9rz\u00e9s\u00e9t \u00e1ll\u00edtja szembe a p\u00e9zsma \u00e9s borosty\u00e1n tiszta s\u0171r\u0171s\u00e9g\u00e9vel. A pezsg\u0151 bubor\u00e9kok t\u00f6lti ki az illat test\u00e9t, k\u00f6nnyed \u00e9s vid\u00e1m hangulatot adva neki.<\/span><\/span><\/p>\n<\/div>\n<\/div>\n<\/div>","protected":false},"featured_media":1188,"comment_status":"open","ping_status":"closed","template":"","meta":{"_acf_changed":false,"site-sidebar-layout":"default","site-content-layout":"","ast-site-content-layout":"default","site-content-style":"default","site-sidebar-style":"default","ast-global-header-display":"","ast-banner-title-visibility":"","ast-main-header-display":"","ast-hfb-above-header-display":"","ast-hfb-below-header-display":"","ast-hfb-mobile-header-display":"","site-post-title":"","ast-breadcrumbs-content":"","ast-featured-img":"","footer-sml-layout":"","theme-transparent-header-meta":"default","adv-header-id-meta":"","stick-header-meta":"","header-above-stick-meta":"","header-main-stick-meta":"","header-below-stick-meta":"","astra-migrate-meta-layouts":"set","ast-page-background-enabled":"default","ast-page-background-meta":{"desktop":{"background-color":"var(--ast-global-color-4)","background-image":"","background-repeat":"repeat","background-position":"center center","background-size":"auto","background-attachment":"scroll","background-type":"","background-media":"","overlay-type":"","overlay-color":"","overlay-opacity":"","overlay-gradient":""},"tablet":{"background-color":"","background-image":"","background-repeat":"repeat","background-position":"center center","background-size":"auto","background-attachment":"scroll","background-type":"","background-media":"","overlay-type":"","overlay-color":"","overlay-opacity":"","overlay-gradient":""},"mobile":{"background-color":"","background-image":"","background-repeat":"repeat","background-position":"center center","background-size":"auto","background-attachment":"scroll","background-type":"","background-media":"","overlay-type":"","overlay-color":"","overlay-opacity":"","overlay-gradient":""}},"ast-content-background-meta":{"desktop":{"background-color":"var(--ast-global-color-5)","background-image":"","background-repeat":"repeat","background-position":"center center","background-size":"auto","background-attachment":"scroll","background-type":"","background-media":"","overlay-type":"","overlay-color":"","overlay-opacity":"","overlay-gradient":""},"tablet":{"background-color":"var(--ast-global-color-5)","background-image":"","background-repeat":"repeat","background-position":"center center","background-size":"auto","background-attachment":"scroll","background-type":"","background-media":"","overlay-type":"","overlay-color":"","overlay-opacity":"","overlay-gradient":""},"mobile":{"background-color":"var(--ast-global-color-5)","background-image":"","background-repeat":"repeat","background-position":"center center","background-size":"auto","background-attachment":"scroll","background-type":"","background-media":"","overlay-type":"","overlay-color":"","overlay-opacity":"","overlay-gradient":""}}},"product_cat":[33,24,32,249,22,216,214],"product_tag":[],"class_list":{"0":"post-942","1":"product","2":"type-product","3":"status-publish","4":"has-post-thumbnail","6":"product_cat-floral","7":"product_cat-for-women","8":"product_cat-frutty","9":"product_cat-gritti","10":"product_cat-perfumes","11":"product_cat-powdery","12":"product_cat-sweet","13":"desktop-align-left","14":"tablet-align-left","15":"mobile-align-left","17":"first","18":"instock","19":"shipping-taxable","20":"purchasable","21":"product-type-variable"},"acf":[],"_links":{"self":[{"href":"https:\/\/perfumshots.mentamedia.hu\/hu\/wp-json\/wp\/v2\/product\/942","targetHints":{"allow":["GET"]}}],"collection":[{"href":"https:\/\/perfumshots.mentamedia.hu\/hu\/wp-json\/wp\/v2\/product"}],"about":[{"href":"https:\/\/perfumshots.mentamedia.hu\/hu\/wp-json\/wp\/v2\/types\/product"}],"replies":[{"embeddable":true,"href":"https:\/\/perfumshots.mentamedia.hu\/hu\/wp-json\/wp\/v2\/comments?post=942"}],"wp:featuredmedia":[{"embeddable":true,"href":"https:\/\/perfumshots.mentamedia.hu\/hu\/wp-json\/wp\/v2\/media\/1188"}],"wp:attachment":[{"href":"https:\/\/perfumshots.mentamedia.hu\/hu\/wp-json\/wp\/v2\/media?parent=942"}],"wp:term":[{"taxonomy":"product_cat","embeddable":true,"href":"https:\/\/perfumshots.mentamedia.hu\/hu\/wp-json\/wp\/v2\/product_cat?post=942"},{"taxonomy":"product_tag","embeddable":true,"href":"https:\/\/perfumshots.mentamedia.hu\/hu\/wp-json\/wp\/v2\/product_tag?post=942"}],"curies":[{"name":"wp","href":"https:\/\/api.w.org\/{rel}","templated":true}]}}