{"id":894,"date":"2024-12-29T11:52:18","date_gmt":"2024-12-29T11:52:18","guid":{"rendered":"https:\/\/perfumshots.mentamedia.hu\/?post_type=product&#038;p=894"},"modified":"2025-01-19T21:21:54","modified_gmt":"2025-01-19T21:21:54","slug":"choco-violette","status":"publish","type":"product","link":"https:\/\/perfumshots.mentamedia.hu\/hu\/termek\/choco-violette\/","title":{"rendered":"F\u00fcge"},"content":{"rendered":"<p><span style=\"vertical-align: inherit;\"><span style=\"vertical-align: inherit;\">Egy \u0151si fa hajol a ny\u00e1ri h\u0151s\u00e9gben, gubancos \u00e9s m\u00e9lyen gy\u00f6kerezik a f\u00f6ldben. A kiny\u00fajtott, leveles \u00e1gakon a m\u00e9rs\u00e9kelt t\u00e9l gy\u00fcm\u00f6lcsei \u00e9rnek tavasszal. A hossz\u00fa ny\u00e1ri r\u00fcgyek \u00e9des gy\u00fcm\u00f6lcs\u00f6kk\u00e9 v\u00e1lnak k\u00e9s\u0151 \u0151sszel. Az \u00e9vszakok illata, kezdet \u00e9s v\u00e9g n\u00e9lk\u00fcl.<\/span><\/span><\/p>","protected":false},"excerpt":{"rendered":"<section id=\"product-7654\" class=\"product-details-main product type-product post-7654 status-publish first instock product_cat-new-launches has-post-thumbnail sale featured taxable shipping-taxable purchasable product-type-simple\">\n<div class=\"container\">\n<div class=\"row\">\n<div class=\"col-md-6\">\n<div class=\"product-inner-details-main\">\n<div id=\"module\">\n<div class=\"read-wrap\">\n<p>Az Arquinesia Fig \u2013 Eau de Parfum egy term\u00e9szetes illat, amely a legjobb esszenci\u00e1lis olajokb\u00f3l \u00e9s organikus alapanyagokb\u00f3l k\u00e9sz\u00fclt, hogy meg\u0151rizz\u00e9k azok term\u00e9szetes esszenci\u00e1j\u00e1t. Egy Bale\u00e1ri-illata, amely k\u00f6zvetlen\u00fcl a F\u00f6ldk\u00f6zi-tengerhez rep\u00edt. Finoman \u00e9des, de eleg\u00e1ns, az Arquinesia Fig egy vid\u00e1m illat, amely mindennapi alapdarabodd\u00e1 v\u00e1lik. Ez egy uniszex illat, amely mindenf\u00e9le \u00edzl\u00e9shez t\u00f6k\u00e9letes. Mallorc\u00e1r\u00f3l hozott illat, amely egyed\u00fcl\u00e1ll\u00f3 al\u00e1\u00edr\u00e1si parf\u00fcm\u00f6dd\u00e9 v\u00e1lik, amit sehol m\u00e1shol nem tal\u00e1lsz az \u00fczletekben.<\/p>\n<p>&nbsp;<\/p>\n<\/div>\n<\/div>\n<\/div>\n<\/div>\n<\/div>\n<\/div>\n<\/section>\n<section class=\"product-main related-products\">\n<div class=\"container\">\n<div class=\"heading-golden text-center\"><\/div>\n<\/div>\n<\/section>","protected":false},"featured_media":1197,"comment_status":"open","ping_status":"closed","template":"","meta":{"_acf_changed":false,"site-sidebar-layout":"default","site-content-layout":"","ast-site-content-layout":"default","site-content-style":"default","site-sidebar-style":"default","ast-global-header-display":"","ast-banner-title-visibility":"","ast-main-header-display":"","ast-hfb-above-header-display":"","ast-hfb-below-header-display":"","ast-hfb-mobile-header-display":"","site-post-title":"","ast-breadcrumbs-content":"","ast-featured-img":"","footer-sml-layout":"","theme-transparent-header-meta":"default","adv-header-id-meta":"","stick-header-meta":"","header-above-stick-meta":"","header-main-stick-meta":"","header-below-stick-meta":"","astra-migrate-meta-layouts":"set","ast-page-background-enabled":"default","ast-page-background-meta":{"desktop":{"background-color":"var(--ast-global-color-4)","background-image":"","background-repeat":"repeat","background-position":"center center","background-size":"auto","background-attachment":"scroll","background-type":"","background-media":"","overlay-type":"","overlay-color":"","overlay-opacity":"","overlay-gradient":""},"tablet":{"background-color":"","background-image":"","background-repeat":"repeat","background-position":"center center","background-size":"auto","background-attachment":"scroll","background-type":"","background-media":"","overlay-type":"","overlay-color":"","overlay-opacity":"","overlay-gradient":""},"mobile":{"background-color":"","background-image":"","background-repeat":"repeat","background-position":"center center","background-size":"auto","background-attachment":"scroll","background-type":"","background-media":"","overlay-type":"","overlay-color":"","overlay-opacity":"","overlay-gradient":""}},"ast-content-background-meta":{"desktop":{"background-color":"var(--ast-global-color-5)","background-image":"","background-repeat":"repeat","background-position":"center center","background-size":"auto","background-attachment":"scroll","background-type":"","background-media":"","overlay-type":"","overlay-color":"","overlay-opacity":"","overlay-gradient":""},"tablet":{"background-color":"var(--ast-global-color-5)","background-image":"","background-repeat":"repeat","background-position":"center center","background-size":"auto","background-attachment":"scroll","background-type":"","background-media":"","overlay-type":"","overlay-color":"","overlay-opacity":"","overlay-gradient":""},"mobile":{"background-color":"var(--ast-global-color-5)","background-image":"","background-repeat":"repeat","background-position":"center center","background-size":"auto","background-attachment":"scroll","background-type":"","background-media":"","overlay-type":"","overlay-color":"","overlay-opacity":"","overlay-gradient":""}}},"product_cat":[239,25,24,36,22,23,37],"product_tag":[],"class_list":{"0":"post-894","1":"product","2":"type-product","3":"status-publish","4":"has-post-thumbnail","6":"product_cat-arquinesia","7":"product_cat-for-men","8":"product_cat-for-women","9":"product_cat-fresh","10":"product_cat-perfumes","11":"product_cat-unisex","12":"product_cat-woody","13":"desktop-align-left","14":"tablet-align-left","15":"mobile-align-left","17":"first","18":"instock","19":"shipping-taxable","20":"purchasable","21":"product-type-variable"},"acf":[],"_links":{"self":[{"href":"https:\/\/perfumshots.mentamedia.hu\/hu\/wp-json\/wp\/v2\/product\/894","targetHints":{"allow":["GET"]}}],"collection":[{"href":"https:\/\/perfumshots.mentamedia.hu\/hu\/wp-json\/wp\/v2\/product"}],"about":[{"href":"https:\/\/perfumshots.mentamedia.hu\/hu\/wp-json\/wp\/v2\/types\/product"}],"replies":[{"embeddable":true,"href":"https:\/\/perfumshots.mentamedia.hu\/hu\/wp-json\/wp\/v2\/comments?post=894"}],"wp:featuredmedia":[{"embeddable":true,"href":"https:\/\/perfumshots.mentamedia.hu\/hu\/wp-json\/wp\/v2\/media\/1197"}],"wp:attachment":[{"href":"https:\/\/perfumshots.mentamedia.hu\/hu\/wp-json\/wp\/v2\/media?parent=894"}],"wp:term":[{"taxonomy":"product_cat","embeddable":true,"href":"https:\/\/perfumshots.mentamedia.hu\/hu\/wp-json\/wp\/v2\/product_cat?post=894"},{"taxonomy":"product_tag","embeddable":true,"href":"https:\/\/perfumshots.mentamedia.hu\/hu\/wp-json\/wp\/v2\/product_tag?post=894"}],"curies":[{"name":"wp","href":"https:\/\/api.w.org\/{rel}","templated":true}]}}