{"id":476,"date":"2024-12-26T20:13:47","date_gmt":"2024-12-26T20:13:47","guid":{"rendered":"https:\/\/perfumshots.mentamedia.hu\/?post_type=product&#038;p=476"},"modified":"2025-01-25T17:02:55","modified_gmt":"2025-01-25T17:02:55","slug":"ciao-bello-pistachio","status":"publish","type":"product","link":"https:\/\/perfumshots.mentamedia.hu\/hu\/termek\/ciao-bello-pistachio\/","title":{"rendered":"Ciao Bello Pistachio"},"content":{"rendered":"<p><span class=\"metafield-multi_line_text_field\"><span style=\"vertical-align: inherit;\"><span style=\"vertical-align: inherit;\">Fedezd fel a gourmand \u00e9lvezet \u00faj dimenzi\u00f3j\u00e1t a Ciao Bello Pistachi\u00f3val. Ez a k\u00fcl\u00f6nleges illat az opulent \u00e9s megnyugtat\u00f3 illatok szerelmeseinek k\u00e9sz\u00fclt, \u00e9s meg\u0151rzi az olasz cukr\u00e1szm\u0171v\u00e9szet esszenci\u00e1j\u00e1t. \u00c9lvezd a Ciao Bello Pistachio minden egyes f\u00faj\u00e1s\u00e1val egy egyed\u00fcl\u00e1ll\u00f3 \u00e9rz\u00e9ki \u00e9lm\u00e9nyt.<\/span><\/span><\/span><\/p>","protected":false},"excerpt":{"rendered":"<p><span class=\"metafield-multi_line_text_field\">A Ciao Bello Pistachio m\u00e1r az els\u0151 f\u00faj\u00e1sn\u00e1l elvar\u00e1zsol a kr\u00e9mes piszt\u00e1cia \u00e9s van\u00edlia macaron morzs\u00e1k cs\u00e1b\u00edt\u00f3 illat\u00e1val. A fejjegyek azonnal egy kifinomult cukr\u00e1szd\u00e1ba rep\u00edtenek, ahol a gazdag \u00e9s enyh\u00e9n \u00e9des piszt\u00e1cia \u00e9s van\u00edlia illata cs\u00e1b\u00edtja az \u00e9rz\u00e9keidet.<br \/>\nAhogy az illat kibontakozik, a Ciao Bello Pistachio sz\u00edvjegyei el\u0151t\u00e9rbe ker\u00fclnek, k\u00f6r\u00fcl\u00f6lelve t\u00e9ged a meleg gofrit\u00e9szta, \u00e9des mandulapaszta \u00e9s finom van\u00edliavir\u00e1g ellen\u00e1llhatatlan illat\u00e1val. K\u00e9pzeld el, ahogy a frissen s\u00fclt gofrik meleg, vajas \u00e9dess\u00e9ge bet\u00f6lti a leveg\u0151t, egy szinte \u00ednycsikland\u00f3 v\u00e1rakoz\u00e1ssal. Ezek a sz\u00edvjegyek egy \u00e9des, megnyugtat\u00f3 \u00e9s dekadens finoms\u00e1g esszenci\u00e1j\u00e1t \u00f6r\u00f6k\u00edtik meg.<br \/>\nAz olfakt\u00edv utaz\u00e1s befejez\u00e9s\u00e9hez a Ciao Bello Pistachio felfedi alapjegyeit, amelyek a puha bri\u00f3s \u00e9s kr\u00e9mes piszt\u00e1ciafagylalt pomp\u00e1s kombin\u00e1ci\u00f3j\u00e1t tartalmazz\u00e1k. Ez a jegy a frissen s\u00fclt bri\u00f3s mennyei illat\u00e1t id\u00e9zi, amelyet b\u0151s\u00e9gesen k\u00eds\u00e9r a megolvad\u00f3 piszt\u00e1ciafagylalt. Az alapjegyek megnyugtat\u00f3 melege \u00e9s gazdags\u00e1ga hosszan megmarad a b\u0151r\u00f6d\u00f6n, egy felejthetetlen \u00e9s cs\u00e1b\u00edt\u00f3 nyomot hagyva.<\/span><\/p>","protected":false},"featured_media":1222,"comment_status":"open","ping_status":"closed","template":"","meta":{"_acf_changed":false,"site-sidebar-layout":"default","site-content-layout":"","ast-site-content-layout":"default","site-content-style":"default","site-sidebar-style":"default","ast-global-header-display":"","ast-banner-title-visibility":"","ast-main-header-display":"","ast-hfb-above-header-display":"","ast-hfb-below-header-display":"","ast-hfb-mobile-header-display":"","site-post-title":"","ast-breadcrumbs-content":"","ast-featured-img":"","footer-sml-layout":"","theme-transparent-header-meta":"default","adv-header-id-meta":"","stick-header-meta":"","header-above-stick-meta":"","header-main-stick-meta":"","header-below-stick-meta":"","astra-migrate-meta-layouts":"set","ast-page-background-enabled":"default","ast-page-background-meta":{"desktop":{"background-color":"var(--ast-global-color-4)","background-image":"","background-repeat":"repeat","background-position":"center center","background-size":"auto","background-attachment":"scroll","background-type":"","background-media":"","overlay-type":"","overlay-color":"","overlay-opacity":"","overlay-gradient":""},"tablet":{"background-color":"","background-image":"","background-repeat":"repeat","background-position":"center center","background-size":"auto","background-attachment":"scroll","background-type":"","background-media":"","overlay-type":"","overlay-color":"","overlay-opacity":"","overlay-gradient":""},"mobile":{"background-color":"","background-image":"","background-repeat":"repeat","background-position":"center center","background-size":"auto","background-attachment":"scroll","background-type":"","background-media":"","overlay-type":"","overlay-color":"","overlay-opacity":"","overlay-gradient":""}},"ast-content-background-meta":{"desktop":{"background-color":"var(--ast-global-color-5)","background-image":"","background-repeat":"repeat","background-position":"center center","background-size":"auto","background-attachment":"scroll","background-type":"","background-media":"","overlay-type":"","overlay-color":"","overlay-opacity":"","overlay-gradient":""},"tablet":{"background-color":"var(--ast-global-color-5)","background-image":"","background-repeat":"repeat","background-position":"center center","background-size":"auto","background-attachment":"scroll","background-type":"","background-media":"","overlay-type":"","overlay-color":"","overlay-opacity":"","overlay-gradient":""},"mobile":{"background-color":"var(--ast-global-color-5)","background-image":"","background-repeat":"repeat","background-position":"center center","background-size":"auto","background-attachment":"scroll","background-type":"","background-media":"","overlay-type":"","overlay-color":"","overlay-opacity":"","overlay-gradient":""}}},"product_cat":[24,35,263,22,214,23],"product_tag":[],"class_list":{"0":"post-476","1":"product","2":"type-product","3":"status-publish","4":"has-post-thumbnail","6":"product_cat-for-women","7":"product_cat-gourmand","8":"product_cat-jousset-parfums","9":"product_cat-perfumes","10":"product_cat-sweet","11":"product_cat-unisex","12":"desktop-align-left","13":"tablet-align-left","14":"mobile-align-left","16":"first","17":"instock","18":"shipping-taxable","19":"purchasable","20":"product-type-variable"},"acf":[],"_links":{"self":[{"href":"https:\/\/perfumshots.mentamedia.hu\/hu\/wp-json\/wp\/v2\/product\/476","targetHints":{"allow":["GET"]}}],"collection":[{"href":"https:\/\/perfumshots.mentamedia.hu\/hu\/wp-json\/wp\/v2\/product"}],"about":[{"href":"https:\/\/perfumshots.mentamedia.hu\/hu\/wp-json\/wp\/v2\/types\/product"}],"replies":[{"embeddable":true,"href":"https:\/\/perfumshots.mentamedia.hu\/hu\/wp-json\/wp\/v2\/comments?post=476"}],"wp:featuredmedia":[{"embeddable":true,"href":"https:\/\/perfumshots.mentamedia.hu\/hu\/wp-json\/wp\/v2\/media\/1222"}],"wp:attachment":[{"href":"https:\/\/perfumshots.mentamedia.hu\/hu\/wp-json\/wp\/v2\/media?parent=476"}],"wp:term":[{"taxonomy":"product_cat","embeddable":true,"href":"https:\/\/perfumshots.mentamedia.hu\/hu\/wp-json\/wp\/v2\/product_cat?post=476"},{"taxonomy":"product_tag","embeddable":true,"href":"https:\/\/perfumshots.mentamedia.hu\/hu\/wp-json\/wp\/v2\/product_tag?post=476"}],"curies":[{"name":"wp","href":"https:\/\/api.w.org\/{rel}","templated":true}]}}