{"id":435,"date":"2024-12-26T19:49:54","date_gmt":"2024-12-26T19:49:54","guid":{"rendered":"https:\/\/perfumshots.mentamedia.hu\/?post_type=product&#038;p=435"},"modified":"2025-01-19T21:17:51","modified_gmt":"2025-01-19T21:17:51","slug":"naki","status":"publish","type":"product","link":"https:\/\/perfumshots.mentamedia.hu\/hu\/termek\/naki\/","title":{"rendered":"Naki"},"content":{"rendered":"<p><span style=\"vertical-align: inherit;\"><span style=\"vertical-align: inherit;\">A Naki egy utaz\u00e1s a saj\u00e1t gondtalan eredet\u00fcnkh\u00f6z. Vir\u00e1gok, gy\u00fcm\u00f6lcs\u00f6k \u00e9s f\u00e1k \u00e9rt\u00e9kes esszenci\u00e1inak kever\u00e9ke teszi a Nakit egyedi, fiatalos k\u00e9pp\u00e9, amely az tiszta, felh\u0151tlenk\u00e9nt \u00e1br\u00e1zolja.<\/span><\/span><\/p>","protected":false},"excerpt":{"rendered":"<p>Minden l\u00e9lek tiszt\u00e1n kezd\u0151dik, de az id\u0151 m\u00fal\u00e1s\u00e1val a k\u00fclvil\u00e1g hat\u00e1sai elrontj\u00e1k. Fontos, hogy eml\u00e9kezz\u00fcnk kezdeti \u00e1rtatlans\u00e1gunkra \u00e9s \u0151szintes\u00e9g\u00fcnkre, amelyek az id\u0151 el\u0151rehaladt\u00e1val elhalv\u00e1nyulnak, mivel ez elengedhetetlen egy eg\u00e9szs\u00e9ges t\u00e1rsadalom sz\u00e1m\u00e1ra, \u00e9s az \u00f6r\u00f6k j\u00f3s\u00e1g l\u00e9nyeg\u00e9t k\u00e9pviseli. A Naki arabul \"tiszta\" jelent\u00e9ssel b\u00edr. Az \u0151szibarack \u00e9s mandulavir\u00e1g eleg\u00e1ns jegyei, valamint a passi\u00f3gy\u00fcm\u00f6lcs alkotj\u00e1k az illat lebeg\u0151 hangjait. A f\u00fcgelevelek, szant\u00e1lfa \u00e9s feh\u00e9r vir\u00e1gok kerek\u00edtik ki az illat kompoz\u00edci\u00f3j\u00e1t, amelyeket oszm\u00e1nthus, feh\u00e9r p\u00e9zsma, van\u00edlia \u00e9s friss tengeri szell\u0151 kever\u00e9ke emel ki. A Naki egyszerre retrospekt\u00edv \u00e9s ford\u00edtott. Egyedi, a fiatals\u00e1g k\u00f6nnyeds\u00e9g\u00e9re sz\u00f3l\u00f3 \u00f3d\u00e1j\u00e1val a Pernoire egy gy\u00f3gy\u00edt\u00f3 visszat\u00e9r\u00e9st invit\u00e1l bels\u0151 tisztas\u00e1gunk hely\u00e9re, \u00e9s fekete \u00fcvegbe \u00f6leli illat\u00e1t, melyet stiliz\u00e1lt vir\u00e1g d\u00edsz\u00edt.<\/p>","protected":false},"featured_media":1230,"comment_status":"open","ping_status":"closed","template":"","meta":{"_acf_changed":false,"site-sidebar-layout":"default","site-content-layout":"","ast-site-content-layout":"default","site-content-style":"default","site-sidebar-style":"default","ast-global-header-display":"","ast-banner-title-visibility":"","ast-main-header-display":"","ast-hfb-above-header-display":"","ast-hfb-below-header-display":"","ast-hfb-mobile-header-display":"","site-post-title":"","ast-breadcrumbs-content":"","ast-featured-img":"","footer-sml-layout":"","theme-transparent-header-meta":"default","adv-header-id-meta":"","stick-header-meta":"","header-above-stick-meta":"","header-main-stick-meta":"","header-below-stick-meta":"","astra-migrate-meta-layouts":"set","ast-page-background-enabled":"default","ast-page-background-meta":{"desktop":{"background-color":"var(--ast-global-color-4)","background-image":"","background-repeat":"repeat","background-position":"center center","background-size":"auto","background-attachment":"scroll","background-type":"","background-media":"","overlay-type":"","overlay-color":"","overlay-opacity":"","overlay-gradient":""},"tablet":{"background-color":"","background-image":"","background-repeat":"repeat","background-position":"center center","background-size":"auto","background-attachment":"scroll","background-type":"","background-media":"","overlay-type":"","overlay-color":"","overlay-opacity":"","overlay-gradient":""},"mobile":{"background-color":"","background-image":"","background-repeat":"repeat","background-position":"center center","background-size":"auto","background-attachment":"scroll","background-type":"","background-media":"","overlay-type":"","overlay-color":"","overlay-opacity":"","overlay-gradient":""}},"ast-content-background-meta":{"desktop":{"background-color":"var(--ast-global-color-5)","background-image":"","background-repeat":"repeat","background-position":"center center","background-size":"auto","background-attachment":"scroll","background-type":"","background-media":"","overlay-type":"","overlay-color":"","overlay-opacity":"","overlay-gradient":""},"tablet":{"background-color":"var(--ast-global-color-5)","background-image":"","background-repeat":"repeat","background-position":"center center","background-size":"auto","background-attachment":"scroll","background-type":"","background-media":"","overlay-type":"","overlay-color":"","overlay-opacity":"","overlay-gradient":""},"mobile":{"background-color":"var(--ast-global-color-5)","background-image":"","background-repeat":"repeat","background-position":"center center","background-size":"auto","background-attachment":"scroll","background-type":"","background-media":"","overlay-type":"","overlay-color":"","overlay-opacity":"","overlay-gradient":""}}},"product_cat":[33,24,36,32,22,270,214,23],"product_tag":[],"class_list":{"0":"post-435","1":"product","2":"type-product","3":"status-publish","4":"has-post-thumbnail","6":"product_cat-floral","7":"product_cat-for-women","8":"product_cat-fresh","9":"product_cat-frutty","10":"product_cat-perfumes","11":"product_cat-pernoire","12":"product_cat-sweet","13":"product_cat-unisex","14":"desktop-align-left","15":"tablet-align-left","16":"mobile-align-left","18":"first","19":"instock","20":"shipping-taxable","21":"purchasable","22":"product-type-variable"},"acf":[],"_links":{"self":[{"href":"https:\/\/perfumshots.mentamedia.hu\/hu\/wp-json\/wp\/v2\/product\/435","targetHints":{"allow":["GET"]}}],"collection":[{"href":"https:\/\/perfumshots.mentamedia.hu\/hu\/wp-json\/wp\/v2\/product"}],"about":[{"href":"https:\/\/perfumshots.mentamedia.hu\/hu\/wp-json\/wp\/v2\/types\/product"}],"replies":[{"embeddable":true,"href":"https:\/\/perfumshots.mentamedia.hu\/hu\/wp-json\/wp\/v2\/comments?post=435"}],"wp:featuredmedia":[{"embeddable":true,"href":"https:\/\/perfumshots.mentamedia.hu\/hu\/wp-json\/wp\/v2\/media\/1230"}],"wp:attachment":[{"href":"https:\/\/perfumshots.mentamedia.hu\/hu\/wp-json\/wp\/v2\/media?parent=435"}],"wp:term":[{"taxonomy":"product_cat","embeddable":true,"href":"https:\/\/perfumshots.mentamedia.hu\/hu\/wp-json\/wp\/v2\/product_cat?post=435"},{"taxonomy":"product_tag","embeddable":true,"href":"https:\/\/perfumshots.mentamedia.hu\/hu\/wp-json\/wp\/v2\/product_tag?post=435"}],"curies":[{"name":"wp","href":"https:\/\/api.w.org\/{rel}","templated":true}]}}