{"id":272,"date":"2024-12-26T17:33:42","date_gmt":"2024-12-26T17:33:42","guid":{"rendered":"https:\/\/perfumshots.mentamedia.hu\/?post_type=product&#038;p=272"},"modified":"2025-01-19T21:14:31","modified_gmt":"2025-01-19T21:14:31","slug":"candy","status":"publish","type":"product","link":"https:\/\/perfumshots.mentamedia.hu\/hu\/termek\/candy\/","title":{"rendered":"Candy"},"content":{"rendered":"<p>L\u00e9d\u00fas, gy\u00fcm\u00f6lcs\u00f6s, sz\u00f3rakoztat\u00f3!<\/p>","protected":false},"excerpt":{"rendered":"<p>A No.4 Candy egy j\u00e1t\u00e9kos karaktert vonultat fel egy kifinomult sz\u00ednpadon. A No.4 Apr\u00e8s l\u2019Amour eredeti form\u00e1j\u00e1ban \u00e9rz\u00e9kelhet\u0151 \u00e9des, cukros aspektus ihlette, a Candy-ban a piros gy\u00fcm\u00f6lcs\u00f6k \u00e9s cseresznye t\u0171nnek fel a nyit\u00e1nyban, m\u00edg a l\u00e1gy tiare vir\u00e1g \u00e9s m\u00e1lna vir\u00e1g ad f\u00e9nyt a sz\u00edvjegyekhez. Alapja egy cukros szirup, karamell, vattacukor \u00e9s van\u00edlia jegyekkel. Az eredeti No.4-es formula minden tart\u00f3ss\u00e1g\u00e1val \u00e9s kivet\u00edt\u00e9s\u00e9vel, a Candy seg\u00edt el\u0151hozni a j\u00e1t\u00e9kos oldalt \u2013 mik\u00f6zben, mint mindig, garant\u00e1ltan felh\u00edvja mag\u00e1ra a figyelmet!<\/p>","protected":false},"featured_media":1248,"comment_status":"open","ping_status":"closed","template":"","meta":{"_acf_changed":false,"site-sidebar-layout":"default","site-content-layout":"","ast-site-content-layout":"default","site-content-style":"default","site-sidebar-style":"default","ast-global-header-display":"","ast-banner-title-visibility":"","ast-main-header-display":"","ast-hfb-above-header-display":"","ast-hfb-below-header-display":"","ast-hfb-mobile-header-display":"","site-post-title":"","ast-breadcrumbs-content":"","ast-featured-img":"","footer-sml-layout":"","theme-transparent-header-meta":"default","adv-header-id-meta":"","stick-header-meta":"","header-above-stick-meta":"","header-main-stick-meta":"","header-below-stick-meta":"","astra-migrate-meta-layouts":"set","ast-page-background-enabled":"default","ast-page-background-meta":{"desktop":{"background-color":"var(--ast-global-color-4)","background-image":"","background-repeat":"repeat","background-position":"center center","background-size":"auto","background-attachment":"scroll","background-type":"","background-media":"","overlay-type":"","overlay-color":"","overlay-opacity":"","overlay-gradient":""},"tablet":{"background-color":"","background-image":"","background-repeat":"repeat","background-position":"center center","background-size":"auto","background-attachment":"scroll","background-type":"","background-media":"","overlay-type":"","overlay-color":"","overlay-opacity":"","overlay-gradient":""},"mobile":{"background-color":"","background-image":"","background-repeat":"repeat","background-position":"center center","background-size":"auto","background-attachment":"scroll","background-type":"","background-media":"","overlay-type":"","overlay-color":"","overlay-opacity":"","overlay-gradient":""}},"ast-content-background-meta":{"desktop":{"background-color":"var(--ast-global-color-5)","background-image":"","background-repeat":"repeat","background-position":"center center","background-size":"auto","background-attachment":"scroll","background-type":"","background-media":"","overlay-type":"","overlay-color":"","overlay-opacity":"","overlay-gradient":""},"tablet":{"background-color":"var(--ast-global-color-5)","background-image":"","background-repeat":"repeat","background-position":"center center","background-size":"auto","background-attachment":"scroll","background-type":"","background-media":"","overlay-type":"","overlay-color":"","overlay-opacity":"","overlay-gradient":""},"mobile":{"background-color":"var(--ast-global-color-5)","background-image":"","background-repeat":"repeat","background-position":"center center","background-size":"auto","background-attachment":"scroll","background-type":"","background-media":"","overlay-type":"","overlay-color":"","overlay-opacity":"","overlay-gradient":""}}},"product_cat":[24,32,35,22,214,258],"product_tag":[],"class_list":{"0":"post-272","1":"product","2":"type-product","3":"status-publish","4":"has-post-thumbnail","6":"product_cat-for-women","7":"product_cat-frutty","8":"product_cat-gourmand","9":"product_cat-perfumes","10":"product_cat-sweet","11":"product_cat-thomas-kosmala","12":"desktop-align-left","13":"tablet-align-left","14":"mobile-align-left","16":"first","17":"instock","18":"shipping-taxable","19":"purchasable","20":"product-type-variable"},"acf":[],"_links":{"self":[{"href":"https:\/\/perfumshots.mentamedia.hu\/hu\/wp-json\/wp\/v2\/product\/272","targetHints":{"allow":["GET"]}}],"collection":[{"href":"https:\/\/perfumshots.mentamedia.hu\/hu\/wp-json\/wp\/v2\/product"}],"about":[{"href":"https:\/\/perfumshots.mentamedia.hu\/hu\/wp-json\/wp\/v2\/types\/product"}],"replies":[{"embeddable":true,"href":"https:\/\/perfumshots.mentamedia.hu\/hu\/wp-json\/wp\/v2\/comments?post=272"}],"wp:featuredmedia":[{"embeddable":true,"href":"https:\/\/perfumshots.mentamedia.hu\/hu\/wp-json\/wp\/v2\/media\/1248"}],"wp:attachment":[{"href":"https:\/\/perfumshots.mentamedia.hu\/hu\/wp-json\/wp\/v2\/media?parent=272"}],"wp:term":[{"taxonomy":"product_cat","embeddable":true,"href":"https:\/\/perfumshots.mentamedia.hu\/hu\/wp-json\/wp\/v2\/product_cat?post=272"},{"taxonomy":"product_tag","embeddable":true,"href":"https:\/\/perfumshots.mentamedia.hu\/hu\/wp-json\/wp\/v2\/product_tag?post=272"}],"curies":[{"name":"wp","href":"https:\/\/api.w.org\/{rel}","templated":true}]}}